{"id":529,"date":"2015-07-17T12:52:17","date_gmt":"2015-07-17T15:52:17","guid":{"rendered":"http:\/\/capethemes.com\/demo\/industry\/?page_id=529"},"modified":"2023-03-21T16:16:01","modified_gmt":"2023-03-21T19:16:01","slug":"fibra-otica","status":"publish","type":"page","link":"https:\/\/seteh.com.br\/?page_id=529","title":{"rendered":"Fibra \u00d3ptica"},"content":{"rendered":"\n<p>A Seteh Engenharia \u00e9 uma empresa especializada em projetos e instala\u00e7\u00f5es de sistemas de fibra \u00f3ptica. Com uma equipe altamente qualificada e experiente, a empresa tem se destacado no mercado por oferecer solu\u00e7\u00f5es de alta qualidade e efici\u00eancia para seus clientes.<\/p>\n\n\n\n<p>As qualifica\u00e7\u00f5es da Seteh Engenharia na \u00e1rea de fibra \u00f3ptica s\u00e3o in\u00fameras. A empresa conta com profissionais altamente capacitados, que possuem ampla experi\u00eancia na instala\u00e7\u00e3o, manuten\u00e7\u00e3o e reparo de redes de fibra \u00f3ptica. Al\u00e9m disso, a empresa est\u00e1 sempre atualizada em rela\u00e7\u00e3o \u00e0s novas tecnologias e tend\u00eancias do mercado, o que garante aos seus clientes solu\u00e7\u00f5es inovadoras e de alto desempenho.<\/p>\n\n\n\n<p>Outro ponto importante que deve ser destacado \u00e9 a preocupa\u00e7\u00e3o da Seteh Engenharia com a qualidade dos materiais utilizados em seus projetos. A empresa trabalha somente com fornecedores de confian\u00e7a e com produtos de primeira linha, o que garante a confiabilidade e a durabilidade dos sistemas de fibra \u00f3ptica instalados.<\/p>\n\n\n\n<p>A Seteh Engenharia tamb\u00e9m conta com equipamentos de \u00faltima gera\u00e7\u00e3o para a realiza\u00e7\u00e3o de testes e medi\u00e7\u00f5es em redes de fibra \u00f3ptica. Esses equipamentos permitem que a empresa realize testes de certifica\u00e7\u00e3o e valida\u00e7\u00e3o em redes de fibra \u00f3ptica, o que garante a conformidade dos sistemas com as normas t\u00e9cnicas e de seguran\u00e7a.<\/p>\n\n\n\n<p>Por fim, \u00e9 importante destacar que a Seteh Engenharia \u00e9 uma empresa comprometida com a satisfa\u00e7\u00e3o de seus clientes. A empresa oferece um atendimento personalizado e eficiente, que visa entender as necessidades de cada cliente e oferecer solu\u00e7\u00f5es sob medida para cada projeto.<\/p>\n\n\n\n<p>Em resumo, as qualifica\u00e7\u00f5es da Seteh Engenharia na \u00e1rea de fibra \u00f3ptica s\u00e3o in\u00fameras. Com uma equipe altamente capacitada, materiais de qualidade, equipamentos de \u00faltima gera\u00e7\u00e3o e um compromisso com a satisfa\u00e7\u00e3o de seus clientes, a empresa se destaca como uma das principais refer\u00eancias em projetos e instala\u00e7\u00f5es de sistemas de fibra \u00f3ptica.<\/p>\n","protected":false},"excerpt":{"rendered":"<p>A Seteh Engenharia \u00e9 uma empresa especializada em projetos e instala\u00e7\u00f5es de sistemas de fibra \u00f3ptica. Com uma equipe altamente qualificada e experiente, a empresa tem se destacado no mercado por oferecer solu\u00e7\u00f5es de alta qualidade e efici\u00eancia para seus clientes. As qualifica\u00e7\u00f5es da Seteh Engenharia na \u00e1rea de fibra \u00f3ptica s\u00e3o in\u00fameras. A empresa &hellip;<\/p>\n","protected":false},"author":1,"featured_media":0,"parent":513,"menu_order":0,"comment_status":"closed","ping_status":"closed","template":"","meta":{"_mi_skip_tracking":false},"aioseo_notices":[],"_links":{"self":[{"href":"https:\/\/seteh.com.br\/index.php?rest_route=\/wp\/v2\/pages\/529"}],"collection":[{"href":"https:\/\/seteh.com.br\/index.php?rest_route=\/wp\/v2\/pages"}],"about":[{"href":"https:\/\/seteh.com.br\/index.php?rest_route=\/wp\/v2\/types\/page"}],"author":[{"embeddable":true,"href":"https:\/\/seteh.com.br\/index.php?rest_route=\/wp\/v2\/users\/1"}],"replies":[{"embeddable":true,"href":"https:\/\/seteh.com.br\/index.php?rest_route=%2Fwp%2Fv2%2Fcomments&post=529"}],"version-history":[{"count":2,"href":"https:\/\/seteh.com.br\/index.php?rest_route=\/wp\/v2\/pages\/529\/revisions"}],"predecessor-version":[{"id":1175,"href":"https:\/\/seteh.com.br\/index.php?rest_route=\/wp\/v2\/pages\/529\/revisions\/1175"}],"up":[{"embeddable":true,"href":"https:\/\/seteh.com.br\/index.php?rest_route=\/wp\/v2\/pages\/513"}],"wp:attachment":[{"href":"https:\/\/seteh.com.br\/index.php?rest_route=%2Fwp%2Fv2%2Fmedia&parent=529"}],"curies":[{"name":"wp","href":"https:\/\/api.w.org\/{rel}","templated":true}]}}