{"id":537,"date":"2015-07-17T13:01:38","date_gmt":"2015-07-17T16:01:38","guid":{"rendered":"http:\/\/capethemes.com\/demo\/industry\/?page_id=537"},"modified":"2023-03-21T16:22:51","modified_gmt":"2023-03-21T19:22:51","slug":"servidores","status":"publish","type":"page","link":"https:\/\/seteh.com.br\/?page_id=537","title":{"rendered":"Servidores"},"content":{"rendered":"\n<p>As qualifica\u00e7\u00f5es da Seteh Engenharia na \u00e1rea de montagem e manuten\u00e7\u00e3o de infraestrutura de servidores s\u00e3o in\u00fameras. A empresa conta com profissionais altamente capacitados, que possuem ampla experi\u00eancia em montagem, configura\u00e7\u00e3o e manuten\u00e7\u00e3o de servidores. Al\u00e9m disso, a empresa est\u00e1 sempre atualizada em rela\u00e7\u00e3o \u00e0s novas tecnologias e tend\u00eancias do mercado, o que garante aos seus clientes solu\u00e7\u00f5es inovadoras e de alto desempenho.<\/p>\n\n\n\n<p>A Seteh Engenharia tamb\u00e9m trabalha com equipamentos de \u00faltima gera\u00e7\u00e3o para a montagem e manuten\u00e7\u00e3o de infraestrutura de servidores. A empresa utiliza componentes e dispositivos de alta qualidade, o que garante o funcionamento adequado dos servidores e a seguran\u00e7a dos dados armazenados.<\/p>\n\n\n\n<p>Outro ponto importante que deve ser destacado \u00e9 a preocupa\u00e7\u00e3o da Seteh Engenharia com a seguran\u00e7a da infraestrutura de servidores de seus clientes. A empresa est\u00e1 sempre atenta \u00e0s amea\u00e7as cibern\u00e9ticas e implementa medidas de seguran\u00e7a para proteger os servidores e os dados armazenados. Al\u00e9m disso, a empresa oferece solu\u00e7\u00f5es de backup e recupera\u00e7\u00e3o de dados em caso de falhas ou desastres.<\/p>\n\n\n\n<p>A Seteh Engenharia tamb\u00e9m oferece um atendimento personalizado e eficiente, que visa entender as necessidades de cada cliente e oferecer solu\u00e7\u00f5es sob medida para cada projeto. A empresa \u00e9 comprometida com a satisfa\u00e7\u00e3o de seus clientes, e por isso busca sempre superar as expectativas de cada um deles.<\/p>\n\n\n\n<p>Em resumo, as qualifica\u00e7\u00f5es da Seteh Engenharia na \u00e1rea de montagem e manuten\u00e7\u00e3o de infraestrutura de servidores s\u00e3o in\u00fameras. Com uma equipe altamente capacitada, equipamentos de \u00faltima gera\u00e7\u00e3o, materiais de qualidade e um compromisso com a satisfa\u00e7\u00e3o de seus clientes, a empresa se destaca como uma das principais refer\u00eancias em montagem e manuten\u00e7\u00e3o de infraestrutura de servidores.<\/p>\n","protected":false},"excerpt":{"rendered":"<p>As qualifica\u00e7\u00f5es da Seteh Engenharia na \u00e1rea de montagem e manuten\u00e7\u00e3o de infraestrutura de servidores s\u00e3o in\u00fameras. A empresa conta com profissionais altamente capacitados, que possuem ampla experi\u00eancia em montagem, configura\u00e7\u00e3o e manuten\u00e7\u00e3o de servidores. Al\u00e9m disso, a empresa est\u00e1 sempre atualizada em rela\u00e7\u00e3o \u00e0s novas tecnologias e tend\u00eancias do mercado, o que garante aos &hellip;<\/p>\n","protected":false},"author":1,"featured_media":0,"parent":513,"menu_order":0,"comment_status":"closed","ping_status":"closed","template":"","meta":{"_mi_skip_tracking":false},"aioseo_notices":[],"_links":{"self":[{"href":"https:\/\/seteh.com.br\/index.php?rest_route=\/wp\/v2\/pages\/537"}],"collection":[{"href":"https:\/\/seteh.com.br\/index.php?rest_route=\/wp\/v2\/pages"}],"about":[{"href":"https:\/\/seteh.com.br\/index.php?rest_route=\/wp\/v2\/types\/page"}],"author":[{"embeddable":true,"href":"https:\/\/seteh.com.br\/index.php?rest_route=\/wp\/v2\/users\/1"}],"replies":[{"embeddable":true,"href":"https:\/\/seteh.com.br\/index.php?rest_route=%2Fwp%2Fv2%2Fcomments&post=537"}],"version-history":[{"count":2,"href":"https:\/\/seteh.com.br\/index.php?rest_route=\/wp\/v2\/pages\/537\/revisions"}],"predecessor-version":[{"id":1182,"href":"https:\/\/seteh.com.br\/index.php?rest_route=\/wp\/v2\/pages\/537\/revisions\/1182"}],"up":[{"embeddable":true,"href":"https:\/\/seteh.com.br\/index.php?rest_route=\/wp\/v2\/pages\/513"}],"wp:attachment":[{"href":"https:\/\/seteh.com.br\/index.php?rest_route=%2Fwp%2Fv2%2Fmedia&parent=537"}],"curies":[{"name":"wp","href":"https:\/\/api.w.org\/{rel}","templated":true}]}}