{"id":539,"date":"2015-07-17T13:04:18","date_gmt":"2015-07-17T16:04:18","guid":{"rendered":"http:\/\/capethemes.com\/demo\/industry\/?page_id=539"},"modified":"2023-03-21T16:12:31","modified_gmt":"2023-03-21T19:12:31","slug":"telecom","status":"publish","type":"page","link":"https:\/\/seteh.com.br\/?page_id=539","title":{"rendered":"Telecomunica\u00e7\u00f5es"},"content":{"rendered":"\n<p>A Seteh Engenharia \u00e9 uma empresa que atua h\u00e1 mais de 30 anos no mercado de engenharia, oferecendo servi\u00e7os especializados em diversas \u00e1reas, como constru\u00e7\u00e3o, energia e log\u00edstica. Al\u00e9m disso, a empresa tamb\u00e9m possui uma ampla qualifica\u00e7\u00e3o na \u00e1rea de telecomunica\u00e7\u00f5es, sendo refer\u00eancia no setor.<\/p>\n\n\n\n<p>Com uma equipe de profissionais altamente capacitados e especializados, a Seteh Engenharia oferece solu\u00e7\u00f5es completas em telecomunica\u00e7\u00f5es, desde a elabora\u00e7\u00e3o de projetos de infraestrutura, passando pela instala\u00e7\u00e3o e comissionamento de sistemas, at\u00e9 a manuten\u00e7\u00e3o e suporte t\u00e9cnico.<\/p>\n\n\n\n<p>A empresa possui expertise em projetos de sistemas de transmiss\u00e3o de voz e dados, redes de fibra \u00f3ptica, infraestrutura de telecomunica\u00e7\u00f5es para grandes eventos, al\u00e9m de solu\u00e7\u00f5es de comunica\u00e7\u00e3o via sat\u00e9lite, entre outros servi\u00e7os.<\/p>\n\n\n\n<p>A Seteh Engenharia utiliza as mais modernas tecnologias e metodologias de trabalho, garantindo a excel\u00eancia na entrega dos projetos, sempre com foco na satisfa\u00e7\u00e3o dos clientes e na busca constante pela inova\u00e7\u00e3o.<\/p>\n","protected":false},"excerpt":{"rendered":"<p>A Seteh Engenharia \u00e9 uma empresa que atua h\u00e1 mais de 30 anos no mercado de engenharia, oferecendo servi\u00e7os especializados em diversas \u00e1reas, como constru\u00e7\u00e3o, energia e log\u00edstica. Al\u00e9m disso, a empresa tamb\u00e9m possui uma ampla qualifica\u00e7\u00e3o na \u00e1rea de telecomunica\u00e7\u00f5es, sendo refer\u00eancia no setor. Com uma equipe de profissionais altamente capacitados e especializados, a &hellip;<\/p>\n","protected":false},"author":1,"featured_media":0,"parent":513,"menu_order":0,"comment_status":"closed","ping_status":"closed","template":"","meta":{"_mi_skip_tracking":false},"aioseo_notices":[],"_links":{"self":[{"href":"https:\/\/seteh.com.br\/index.php?rest_route=\/wp\/v2\/pages\/539"}],"collection":[{"href":"https:\/\/seteh.com.br\/index.php?rest_route=\/wp\/v2\/pages"}],"about":[{"href":"https:\/\/seteh.com.br\/index.php?rest_route=\/wp\/v2\/types\/page"}],"author":[{"embeddable":true,"href":"https:\/\/seteh.com.br\/index.php?rest_route=\/wp\/v2\/users\/1"}],"replies":[{"embeddable":true,"href":"https:\/\/seteh.com.br\/index.php?rest_route=%2Fwp%2Fv2%2Fcomments&post=539"}],"version-history":[{"count":2,"href":"https:\/\/seteh.com.br\/index.php?rest_route=\/wp\/v2\/pages\/539\/revisions"}],"predecessor-version":[{"id":1172,"href":"https:\/\/seteh.com.br\/index.php?rest_route=\/wp\/v2\/pages\/539\/revisions\/1172"}],"up":[{"embeddable":true,"href":"https:\/\/seteh.com.br\/index.php?rest_route=\/wp\/v2\/pages\/513"}],"wp:attachment":[{"href":"https:\/\/seteh.com.br\/index.php?rest_route=%2Fwp%2Fv2%2Fmedia&parent=539"}],"curies":[{"name":"wp","href":"https:\/\/api.w.org\/{rel}","templated":true}]}}