{"id":541,"date":"2015-07-17T13:10:33","date_gmt":"2015-07-17T16:10:33","guid":{"rendered":"http:\/\/capethemes.com\/demo\/industry\/?page_id=541"},"modified":"2023-03-21T16:07:31","modified_gmt":"2023-03-21T19:07:31","slug":"engenharia-eletrica","status":"publish","type":"page","link":"https:\/\/seteh.com.br\/?page_id=541","title":{"rendered":"Engenharia El\u00e9trica"},"content":{"rendered":"\n<p>A Seteh Engenharia \u00e9 uma empresa altamente capacitada em engenharia el\u00e9trica, com uma vasta experi\u00eancia na realiza\u00e7\u00e3o de projetos em diversas \u00e1reas da ind\u00fastria. A empresa \u00e9 composta por uma equipe qualificada de engenheiros e t\u00e9cnicos especializados, que oferecem solu\u00e7\u00f5es inovadoras e eficientes para cada projeto que assumem.<\/p>\n\n\n\n<p>Uma das principais capacidades da Seteh Engenharia \u00e9 a sua habilidade em projetar, instalar e manter sistemas el\u00e9tricos, tanto simples quanto complexos. A empresa utiliza tecnologias avan\u00e7adas para garantir que esses sistemas sejam projetados e instalados com seguran\u00e7a, efici\u00eancia e confiabilidade.<\/p>\n\n\n\n<p>Al\u00e9m disso, a Seteh Engenharia tamb\u00e9m se destaca pela sua expertise em projetos industriais. A empresa utiliza tecnologias de ponta para garantir que esses sistemas funcionem de forma confi\u00e1vel e segura, minimizando o tempo de inatividade e aumentando a produtividade.<\/p>\n\n\n\n<p>Outra capacidade importante da Seteh Engenharia \u00e9 a sua habilidade em projetar e implementar solu\u00e7\u00f5es de efici\u00eancia energ\u00e9tica para reduzir os custos operacionais dos seus clientes. A empresa oferece servi\u00e7os de consultoria em efici\u00eancia energ\u00e9tica, identificando oportunidades para reduzir o consumo de energia e melhorar o desempenho dos sistemas el\u00e9tricos existentes.<\/p>\n\n\n\n<p>Por fim, a Seteh Engenharia tamb\u00e9m possui expertise em projetos de energia solar renov\u00e1vel. A empresa oferece solu\u00e7\u00f5es personalizadas para seus clientes, levando em conta as suas necessidades espec\u00edficas e os recursos dispon\u00edveis.<\/p>\n","protected":false},"excerpt":{"rendered":"<p>A Seteh Engenharia \u00e9 uma empresa altamente capacitada em engenharia el\u00e9trica, com uma vasta experi\u00eancia na realiza\u00e7\u00e3o de projetos em diversas \u00e1reas da ind\u00fastria. A empresa \u00e9 composta por uma equipe qualificada de engenheiros e t\u00e9cnicos especializados, que oferecem solu\u00e7\u00f5es inovadoras e eficientes para cada projeto que assumem. Uma das principais capacidades da Seteh Engenharia &hellip;<\/p>\n","protected":false},"author":1,"featured_media":0,"parent":513,"menu_order":0,"comment_status":"closed","ping_status":"closed","template":"","meta":{"_mi_skip_tracking":false},"aioseo_notices":[],"_links":{"self":[{"href":"https:\/\/seteh.com.br\/index.php?rest_route=\/wp\/v2\/pages\/541"}],"collection":[{"href":"https:\/\/seteh.com.br\/index.php?rest_route=\/wp\/v2\/pages"}],"about":[{"href":"https:\/\/seteh.com.br\/index.php?rest_route=\/wp\/v2\/types\/page"}],"author":[{"embeddable":true,"href":"https:\/\/seteh.com.br\/index.php?rest_route=\/wp\/v2\/users\/1"}],"replies":[{"embeddable":true,"href":"https:\/\/seteh.com.br\/index.php?rest_route=%2Fwp%2Fv2%2Fcomments&post=541"}],"version-history":[{"count":2,"href":"https:\/\/seteh.com.br\/index.php?rest_route=\/wp\/v2\/pages\/541\/revisions"}],"predecessor-version":[{"id":1169,"href":"https:\/\/seteh.com.br\/index.php?rest_route=\/wp\/v2\/pages\/541\/revisions\/1169"}],"up":[{"embeddable":true,"href":"https:\/\/seteh.com.br\/index.php?rest_route=\/wp\/v2\/pages\/513"}],"wp:attachment":[{"href":"https:\/\/seteh.com.br\/index.php?rest_route=%2Fwp%2Fv2%2Fmedia&parent=541"}],"curies":[{"name":"wp","href":"https:\/\/api.w.org\/{rel}","templated":true}]}}