{"id":544,"date":"2015-07-17T13:15:29","date_gmt":"2015-07-17T16:15:29","guid":{"rendered":"http:\/\/capethemes.com\/demo\/industry\/?page_id=544"},"modified":"2023-03-21T16:05:51","modified_gmt":"2023-03-21T19:05:51","slug":"engenharia-civil","status":"publish","type":"page","link":"https:\/\/seteh.com.br\/?page_id=544","title":{"rendered":"Engenharia Civil"},"content":{"rendered":"\n<p>A Seteh Engenharia \u00e9 uma empresa especializada em engenharia civil, com ampla experi\u00eancia na realiza\u00e7\u00e3o de projetos de m\u00e9dio e grande porte em diversas \u00e1reas da constru\u00e7\u00e3o civil. A empresa conta com uma equipe altamente qualificada de engenheiros e t\u00e9cnicos especializados, que oferecem solu\u00e7\u00f5es inovadoras e eficientes para cada projeto que assumem.<\/p>\n\n\n\n<p>Uma das principais capacidades da Seteh Engenharia \u00e9 a sua habilidade em gerenciar projetos complexos, envolvendo desde a concep\u00e7\u00e3o at\u00e9 a entrega final. A empresa utiliza as mais avan\u00e7adas t\u00e9cnicas de gest\u00e3o de projetos para garantir que cada etapa seja conclu\u00edda dentro dos prazos e or\u00e7amentos estabelecidos, sem comprometer a qualidade dos resultados.<\/p>\n\n\n\n<p>Al\u00e9m disso, a Seteh Engenharia tamb\u00e9m se destaca pela sua expertise em projetos de infraestrutura. A empresa possui vasta experi\u00eancia em projetos de grande porte nessa \u00e1rea, e utiliza tecnologias avan\u00e7adas para garantir a seguran\u00e7a e a efici\u00eancia dessas estruturas.<\/p>\n\n\n\n<p>Outra capacidade importante da Seteh Engenharia \u00e9 a sua habilidade em desenvolver solu\u00e7\u00f5es personalizadas e inovadoras para os seus projetos. A empresa utiliza materiais de alta qualidade e tecnologias de ponta para minimizar o impacto ambiental e maximizar a efici\u00eancia energ\u00e9tica em seus projetos.<\/p>\n\n\n\n<p>Por fim, a Seteh Engenharia tamb\u00e9m \u00e9 reconhecida pela sua habilidade em atender \u00e0s necessidades espec\u00edficas de cada cliente. A empresa trabalha em estreita colabora\u00e7\u00e3o com seus clientes para entender suas necessidades e desenvolver solu\u00e7\u00f5es personalizadas que atendam \u00e0s suas demandas espec\u00edficas.<\/p>\n\n\n\n<p>Em resumo somos uma empresa altamente capacitada em engenharia civil, com experi\u00eancia e habilidades para realizar projetos complexos e inovadores em diversas \u00e1reas da constru\u00e7\u00e3o civil. Com sua equipe altamente qualificada e sua abordagem personalizada para cada projeto, a Seteh Engenharia \u00e9 uma escolha confi\u00e1vel para quem busca qualidade, efici\u00eancia e inova\u00e7\u00e3o em seus projetos de engenharia civil.<\/p>\n","protected":false},"excerpt":{"rendered":"<p>A Seteh Engenharia \u00e9 uma empresa especializada em engenharia civil, com ampla experi\u00eancia na realiza\u00e7\u00e3o de projetos de m\u00e9dio e grande porte em diversas \u00e1reas da constru\u00e7\u00e3o civil. A empresa conta com uma equipe altamente qualificada de engenheiros e t\u00e9cnicos especializados, que oferecem solu\u00e7\u00f5es inovadoras e eficientes para cada projeto que assumem. Uma das principais &hellip;<\/p>\n","protected":false},"author":1,"featured_media":0,"parent":513,"menu_order":0,"comment_status":"closed","ping_status":"closed","template":"","meta":{"_mi_skip_tracking":false},"aioseo_notices":[],"_links":{"self":[{"href":"https:\/\/seteh.com.br\/index.php?rest_route=\/wp\/v2\/pages\/544"}],"collection":[{"href":"https:\/\/seteh.com.br\/index.php?rest_route=\/wp\/v2\/pages"}],"about":[{"href":"https:\/\/seteh.com.br\/index.php?rest_route=\/wp\/v2\/types\/page"}],"author":[{"embeddable":true,"href":"https:\/\/seteh.com.br\/index.php?rest_route=\/wp\/v2\/users\/1"}],"replies":[{"embeddable":true,"href":"https:\/\/seteh.com.br\/index.php?rest_route=%2Fwp%2Fv2%2Fcomments&post=544"}],"version-history":[{"count":2,"href":"https:\/\/seteh.com.br\/index.php?rest_route=\/wp\/v2\/pages\/544\/revisions"}],"predecessor-version":[{"id":1167,"href":"https:\/\/seteh.com.br\/index.php?rest_route=\/wp\/v2\/pages\/544\/revisions\/1167"}],"up":[{"embeddable":true,"href":"https:\/\/seteh.com.br\/index.php?rest_route=\/wp\/v2\/pages\/513"}],"wp:attachment":[{"href":"https:\/\/seteh.com.br\/index.php?rest_route=%2Fwp%2Fv2%2Fmedia&parent=544"}],"curies":[{"name":"wp","href":"https:\/\/api.w.org\/{rel}","templated":true}]}}