{"id":633,"date":"2015-07-21T13:42:33","date_gmt":"2015-07-21T13:42:33","guid":{"rendered":"http:\/\/capethemes.com\/demo\/industry\/?page_id=633"},"modified":"2023-05-17T11:51:13","modified_gmt":"2023-05-17T14:51:13","slug":"about-us","status":"publish","type":"page","link":"https:\/\/seteh.com.br\/?page_id=633","title":{"rendered":"Sobre N\u00f3s"},"content":{"rendered":"\t\t<div data-elementor-type=\"wp-page\" data-elementor-id=\"633\" class=\"elementor elementor-633\">\n\t\t\t\t\t\t\t\t\t<section class=\"elementor-section elementor-top-section elementor-element elementor-element-616b726e elementor-section-boxed elementor-section-height-default elementor-section-height-default\" data-id=\"616b726e\" data-element_type=\"section\">\n\t\t\t\t\t\t<div class=\"elementor-container elementor-column-gap-default\">\n\t\t\t\t\t<div class=\"elementor-column elementor-col-100 elementor-top-column elementor-element elementor-element-2f2c9310\" data-id=\"2f2c9310\" data-element_type=\"column\">\n\t\t\t<div class=\"elementor-widget-wrap elementor-element-populated\">\n\t\t\t\t\t\t\t\t<div class=\"elementor-element elementor-element-348966d5 elementor-widget elementor-widget-text-editor\" data-id=\"348966d5\" data-element_type=\"widget\" data-widget_type=\"text-editor.default\">\n\t\t\t\t<div class=\"elementor-widget-container\">\n\t\t\t<style>\/*! elementor - v3.12.1 - 02-04-2023 *\/\n.elementor-widget-text-editor.elementor-drop-cap-view-stacked .elementor-drop-cap{background-color:#69727d;color:#fff}.elementor-widget-text-editor.elementor-drop-cap-view-framed .elementor-drop-cap{color:#69727d;border:3px solid;background-color:transparent}.elementor-widget-text-editor:not(.elementor-drop-cap-view-default) .elementor-drop-cap{margin-top:8px}.elementor-widget-text-editor:not(.elementor-drop-cap-view-default) .elementor-drop-cap-letter{width:1em;height:1em}.elementor-widget-text-editor .elementor-drop-cap{float:left;text-align:center;line-height:1;font-size:50px}.elementor-widget-text-editor .elementor-drop-cap-letter{display:inline-block}<\/style>\t\t\t\t<p><!-- wp:heading --><\/p><h2 id=\"history\">Hist\u00f3ria<\/h2><p><!-- \/wp:heading --><\/p><p><!-- wp:image {\"align\":\"right\",\"id\":958,\"sizeSlug\":\"medium\",\"linkDestination\":\"none\"} --><\/p><p><!-- \/wp:image --><\/p><p><!-- wp:paragraph --><\/p><p><strong>1991:<\/strong> Funda\u00e7\u00e3o da Seteh Engenharia em Goi\u00e2nia, Goi\u00e1s, Brasil.<\/p><p><strong>1992<\/strong>: A Seteh Engenharia inicia suas atividades prestando servi\u00e7os de engenharia e consultoria para empresas da regi\u00e3o, com foco em projetos de infraestrutura.<\/p><p><strong>1995:<\/strong> A empresa come\u00e7a a atuar em projetos hospitalares e de telecomunica\u00e7\u00f5es, expandindo seu escopo de atua\u00e7\u00e3o.<\/p><p><strong>2000:<\/strong> A Seteh Engenharia se consolida como uma das principais empresas de engenharia do estado de Goi\u00e1s, com um portf\u00f3lio diversificado de projetos nas \u00e1reas de engenharia civil, el\u00e9trica. telecomunica\u00e7\u00f5es e redes.<\/p><p><strong>2005:<\/strong> A empresa expande sua atua\u00e7\u00e3o para outros estados do Brasil, como S\u00e3o Paulo, Minas Gerais, Bahia, Distrito Federal e Par\u00e1, consolidando-se como uma empresa nacional de engenharia.<\/p><p><strong>2010:<\/strong> A Seteh Engenharia investe em tecnologia e inova\u00e7\u00e3o, tornando-se uma das pioneiras no uso de solu\u00e7\u00f5es digitais para projetos de engenharia.<\/p><p><strong>2014:<\/strong> A empresa expande sua opera\u00e7\u00e3o, atuando na infraestrutura de telecomunica\u00e7\u00f5es para os est\u00e1dios da Copa do Mundo FIFA, ampliando sua presen\u00e7a nacional.<\/p><p><strong>2020:<\/strong> A Seteh Engenharia comemora 29 anos de atua\u00e7\u00e3o no mercado de engenharia, com um portf\u00f3lio de projetos em mais de 22 estados brasileiros e mais de 10 pr\u00eamios recebidos pela excel\u00eancia em seus servi\u00e7os.<\/p><p>\u00a0<\/p><p><!-- \/wp:list --><\/p><p><!-- wp:heading --><\/p><h2 id=\"board-of-directors\">Diretoria Executiva<\/h2><p><!-- \/wp:heading --><\/p><p><!-- wp:shortcode -->    <div class=\"mp-wrap\">\r\n\t<ul class=\"mpbox col3  \">\r\n\t            \r\n\t\t\t            \r\n                              \r\n                <li class=\"mp-staff tranz\">\r\n                \r\n                \t<div class=\"mp-inner tranz\">\r\n                        \r\n                        \r\n\t\t\t\t\t\t\t                            \r\n                           \r\n                        \r\n                        <div class=\"staff-inner\"> \r\n                            \r\n                            <div class=\"staff-meta mp-rad\">    \r\n                            \r\n                                <h3>\r\n                                \r\n                                \t\t\t\t\t\t\t\t\r\n\t\t\t\t\t\t\t\t\tClodoaldo Barbo Siqueira Jr.                                \r\n                                   \r\n                                \r\n                                <\/h3>\r\n                            \r\n                                <p>Diretor T\u00e9cnico<\/p>\r\n                                \r\n                            <\/div>\r\n                                \r\n                            <div class=\"staff-content mp-rad\"> \r\n                                   \r\n                                Clodoaldo \u00e9 s\u00f3cio-fundador da Seteh Engenharia e conta com mais de 40 anos de know-how em engenharia civil, el\u00e9trica e telecomunica\u00e7\u00f5es.                            \r\n                            <\/div>                       \r\n                            \r\n                            <ul class=\"mp-staff-social in-new-window\">\r\n                            \r\n                                <li><a title=\"Email\" class=\"staffmail\" href=\"mailto:clodoaldo@seteh.com.br\"><i class=\"fa fa-envelope\"><\/i><\/a><\/li>                        \r\n                                                                                                                                                                                                                                                                                        \r\n                            <\/ul> \r\n                            \r\n                            \r\n                    \t<\/div>\r\n                    \r\n                    <\/div>\r\n                    \r\n                <\/li>\r\n            \r\n\t            \r\n\t\t\t            \r\n                              \r\n                <li class=\"mp-staff tranz\">\r\n                \r\n                \t<div class=\"mp-inner tranz\">\r\n                        \r\n                        \r\n\t\t\t\t\t\t\t                            \r\n                           \r\n                        \r\n                        <div class=\"staff-inner\"> \r\n                            \r\n                            <div class=\"staff-meta mp-rad\">    \r\n                            \r\n                                <h3>\r\n                                \r\n                                \t\t\t\t\t\t\t\t\r\n\t\t\t\t\t\t\t\t\tFernando Jos\u00e9 Mar\u00e7al                                \r\n                                   \r\n                                \r\n                                <\/h3>\r\n                            \r\n                                <p>Diretor Operacional<\/p>\r\n                                \r\n                            <\/div>\r\n                                \r\n                            <div class=\"staff-content mp-rad\"> \r\n                                   \r\n                                <p>Fernando Mar\u00e7al \u00e9 s\u00f3cio da Seteh Engenharia, e cuida das opera\u00e7\u00f5es de obras e do departamento de licita\u00e7\u00f5es.<\/p>\n                            \r\n                            <\/div>                       \r\n                            \r\n                            <ul class=\"mp-staff-social in-new-window\">\r\n                            \r\n                                <li><a title=\"Email\" class=\"staffmail\" href=\"mailto:fernando@seteh.com.br\"><i class=\"fa fa-envelope\"><\/i><\/a><\/li>                        \r\n                                                                                                                                                                                                                                                                                        \r\n                            <\/ul> \r\n                            \r\n                            \r\n                    \t<\/div>\r\n                    \r\n                    <\/div>\r\n                    \r\n                <\/li>\r\n            \r\n\t            \r\n\t\t\t            \r\n                              \r\n                <li class=\"mp-staff tranz\">\r\n                \r\n                \t<div class=\"mp-inner tranz\">\r\n                        \r\n                        \r\n\t\t\t\t\t\t\t                            \r\n                           \r\n                        \r\n                        <div class=\"staff-inner\"> \r\n                            \r\n                            <div class=\"staff-meta mp-rad\">    \r\n                            \r\n                                <h3>\r\n                                \r\n                                \t\t\t\t\t\t\t\t\r\n\t\t\t\t\t\t\t\t\tPetr\u00f4nio Augusto                                \r\n                                   \r\n                                \r\n                                <\/h3>\r\n                            \r\n                                <p>Diretor Executivo<\/p>\r\n                                \r\n                            <\/div>\r\n                                \r\n                            <div class=\"staff-content mp-rad\"> \r\n                                   \r\n                                <p>Petr\u00f4nio \u00e9 o bra\u00e7o executivo da Seteh Engenharia, ele \u00e9 respons\u00e1vel pela aquisi\u00e7\u00e3o de novos projetos e pelo direcionamento estrat\u00e9gico.<\/p>\n                            \r\n                            <\/div>                       \r\n                            \r\n                            <ul class=\"mp-staff-social in-new-window\">\r\n                            \r\n                                <li><a title=\"Email\" class=\"staffmail\" href=\"mailto:petronio@seteh.com.br\"><i class=\"fa fa-envelope\"><\/i><\/a><\/li>                        \r\n                                                                                                                                                                                                                                                                                        \r\n                            <\/ul> \r\n                            \r\n                            \r\n                    \t<\/div>\r\n                    \r\n                    <\/div>\r\n                    \r\n                <\/li>\r\n            \r\n\t    <\/ul>\r\n    <\/div> \r\n    <div class=\"clearfix\"><\/div>\r\n    \t<br \/><!-- \/wp:shortcode --><\/p>\t\t\t\t\t\t<\/div>\n\t\t\t\t<\/div>\n\t\t\t\t\t<\/div>\n\t\t<\/div>\n\t\t\t\t\t\t\t<\/div>\n\t\t<\/section>\n\t\t\t\t\t\t\t<\/div>\n\t\t","protected":false},"excerpt":{"rendered":"<p>Hist\u00f3ria 1991: Funda\u00e7\u00e3o da Seteh Engenharia em Goi\u00e2nia, Goi\u00e1s, Brasil. 1992: A Seteh Engenharia inicia suas atividades prestando servi\u00e7os de engenharia e consultoria para empresas da regi\u00e3o, com foco em projetos de infraestrutura. 1995: A empresa come\u00e7a a atuar em projetos hospitalares e de telecomunica\u00e7\u00f5es, expandindo seu escopo de atua\u00e7\u00e3o. 2000: A Seteh Engenharia se &hellip;<\/p>\n","protected":false},"author":1,"featured_media":0,"parent":0,"menu_order":0,"comment_status":"closed","ping_status":"closed","template":"","meta":{"_mi_skip_tracking":false},"aioseo_notices":[],"_links":{"self":[{"href":"https:\/\/seteh.com.br\/index.php?rest_route=\/wp\/v2\/pages\/633"}],"collection":[{"href":"https:\/\/seteh.com.br\/index.php?rest_route=\/wp\/v2\/pages"}],"about":[{"href":"https:\/\/seteh.com.br\/index.php?rest_route=\/wp\/v2\/types\/page"}],"author":[{"embeddable":true,"href":"https:\/\/seteh.com.br\/index.php?rest_route=\/wp\/v2\/users\/1"}],"replies":[{"embeddable":true,"href":"https:\/\/seteh.com.br\/index.php?rest_route=%2Fwp%2Fv2%2Fcomments&post=633"}],"version-history":[{"count":13,"href":"https:\/\/seteh.com.br\/index.php?rest_route=\/wp\/v2\/pages\/633\/revisions"}],"predecessor-version":[{"id":1443,"href":"https:\/\/seteh.com.br\/index.php?rest_route=\/wp\/v2\/pages\/633\/revisions\/1443"}],"wp:attachment":[{"href":"https:\/\/seteh.com.br\/index.php?rest_route=%2Fwp%2Fv2%2Fmedia&parent=633"}],"curies":[{"name":"wp","href":"https:\/\/api.w.org\/{rel}","templated":true}]}}